{"id":978,"date":"2025-05-25T15:12:56","date_gmt":"2025-05-25T13:12:56","guid":{"rendered":"https:\/\/apartamentoselrio.es\/aktivitaten\/"},"modified":"2025-06-04T20:15:25","modified_gmt":"2025-06-04T18:15:25","slug":"actividades","status":"publish","type":"page","link":"https:\/\/apartamentoselrio.es\/de\/aktivitaten\/","title":{"rendered":"Aktivit\u00e4ten"},"content":{"rendered":"<p>Das Haus ist von einem Naturparadies umgeben, ohne L\u00e4rm und Stress, ideal, um abzuschalten und die Annehmlichkeiten zu genie\u00dfen: Entspannen Sie sich im Garten oder im Swimmingpool (je nach Jahreszeit) und genie\u00dfen Sie die gute Laune beim Grillen im Freien.<\/p>\n<p>Von hier aus k\u00f6nnen Sie Wander- und Fahrradtouren unternehmen, Oviedo, Gij\u00f3n oder Avil\u00e9s in nur einer halben Autostunde entdecken oder sich am Strand von Salinas (15 km entfernt) und anderen K\u00fcstenjuwelen Asturiens erfrischen.<\/p>\n","protected":false},"excerpt":{"rendered":"<p>Das Haus ist von einem Naturparadies umgeben, ohne L\u00e4rm und Stress, ideal, um abzuschalten und die Annehmlichkeiten zu genie\u00dfen: Entspannen Sie sich im Garten oder im Swimmingpool (je nach Jahreszeit) und genie\u00dfen Sie die gute Laune beim Grillen im Freien. Von hier aus k\u00f6nnen Sie Wander- und Fahrradtouren unternehmen, Oviedo, Gij\u00f3n oder Avil\u00e9s in nur [&hellip;]<\/p>\n","protected":false},"author":2,"featured_media":861,"parent":0,"menu_order":11,"comment_status":"closed","ping_status":"closed","template":"","meta":{"_acf_changed":false,"inline_featured_image":false,"footnotes":""},"class_list":["post-978","page","type-page","status-publish","has-post-thumbnail","hentry"],"acf":[],"yoast_head":"<!-- This site is optimized with the Yoast SEO plugin v27.4 - https:\/\/yoast.com\/product\/yoast-seo-wordpress\/ -->\n<title>Aktivit\u00e4ten | Apartamentos El Rio<\/title>\n<meta name=\"robots\" content=\"index, follow, max-snippet:-1, max-image-preview:large, max-video-preview:-1\" \/>\n<link rel=\"canonical\" href=\"https:\/\/apartamentoselrio.es\/de\/aktivitaten\/\" \/>\n<meta property=\"og:locale\" content=\"de_DE\" \/>\n<meta property=\"og:type\" content=\"article\" \/>\n<meta property=\"og:title\" content=\"Aktivit\u00e4ten | Apartamentos El Rio\" \/>\n<meta property=\"og:description\" content=\"Das Haus ist von einem Naturparadies umgeben, ohne L\u00e4rm und Stress, ideal, um abzuschalten und die Annehmlichkeiten zu genie\u00dfen: Entspannen Sie sich im Garten oder im Swimmingpool (je nach Jahreszeit) und genie\u00dfen Sie die gute Laune beim Grillen im Freien. Von hier aus k\u00f6nnen Sie Wander- und Fahrradtouren unternehmen, Oviedo, Gij\u00f3n oder Avil\u00e9s in nur [&hellip;]\" \/>\n<meta property=\"og:url\" content=\"https:\/\/apartamentoselrio.es\/de\/aktivitaten\/\" \/>\n<meta property=\"og:site_name\" content=\"Apartamentos El Rio\" \/>\n<meta property=\"article:modified_time\" content=\"2025-06-04T18:15:25+00:00\" \/>\n<meta property=\"og:image\" content=\"https:\/\/apartamentoselrio.es\/wp-content\/uploads\/2025\/05\/IMG-20250527-WA0031.webp\" \/>\n\t<meta property=\"og:image:width\" content=\"1960\" \/>\n\t<meta property=\"og:image:height\" content=\"2048\" \/>\n\t<meta property=\"og:image:type\" content=\"image\/webp\" \/>\n<meta name=\"twitter:card\" content=\"summary_large_image\" \/>\n<meta name=\"twitter:label1\" content=\"Gesch\u00e4tzte Lesezeit\" \/>\n\t<meta name=\"twitter:data1\" content=\"1\u00a0Minute\" \/>\n<script type=\"application\/ld+json\" class=\"yoast-schema-graph\">{\"@context\":\"https:\\\/\\\/schema.org\",\"@graph\":[{\"@type\":\"WebPage\",\"@id\":\"https:\\\/\\\/apartamentoselrio.es\\\/de\\\/aktivitaten\\\/\",\"url\":\"https:\\\/\\\/apartamentoselrio.es\\\/de\\\/aktivitaten\\\/\",\"name\":\"Aktivit\u00e4ten | Apartamentos El Rio\",\"isPartOf\":{\"@id\":\"https:\\\/\\\/apartamentoselrio.es\\\/de\\\/#website\"},\"primaryImageOfPage\":{\"@id\":\"https:\\\/\\\/apartamentoselrio.es\\\/de\\\/aktivitaten\\\/#primaryimage\"},\"image\":{\"@id\":\"https:\\\/\\\/apartamentoselrio.es\\\/de\\\/aktivitaten\\\/#primaryimage\"},\"thumbnailUrl\":\"https:\\\/\\\/apartamentoselrio.es\\\/wp-content\\\/uploads\\\/2025\\\/05\\\/IMG-20250527-WA0031.webp\",\"datePublished\":\"2025-05-25T13:12:56+00:00\",\"dateModified\":\"2025-06-04T18:15:25+00:00\",\"breadcrumb\":{\"@id\":\"https:\\\/\\\/apartamentoselrio.es\\\/de\\\/aktivitaten\\\/#breadcrumb\"},\"inLanguage\":\"de\",\"potentialAction\":[{\"@type\":\"ReadAction\",\"target\":[\"https:\\\/\\\/apartamentoselrio.es\\\/de\\\/aktivitaten\\\/\"]}]},{\"@type\":\"ImageObject\",\"inLanguage\":\"de\",\"@id\":\"https:\\\/\\\/apartamentoselrio.es\\\/de\\\/aktivitaten\\\/#primaryimage\",\"url\":\"https:\\\/\\\/apartamentoselrio.es\\\/wp-content\\\/uploads\\\/2025\\\/05\\\/IMG-20250527-WA0031.webp\",\"contentUrl\":\"https:\\\/\\\/apartamentoselrio.es\\\/wp-content\\\/uploads\\\/2025\\\/05\\\/IMG-20250527-WA0031.webp\",\"width\":1960,\"height\":2048},{\"@type\":\"BreadcrumbList\",\"@id\":\"https:\\\/\\\/apartamentoselrio.es\\\/de\\\/aktivitaten\\\/#breadcrumb\",\"itemListElement\":[{\"@type\":\"ListItem\",\"position\":1,\"name\":\"Home\",\"item\":\"https:\\\/\\\/apartamentoselrio.es\\\/de\\\/\"},{\"@type\":\"ListItem\",\"position\":2,\"name\":\"Aktivit\u00e4ten\"}]},{\"@type\":\"WebSite\",\"@id\":\"https:\\\/\\\/apartamentoselrio.es\\\/de\\\/#website\",\"url\":\"https:\\\/\\\/apartamentoselrio.es\\\/de\\\/\",\"name\":\"Apartamentos El Rio\",\"description\":\"Un lugar m\u00e1gico en Asturias\",\"publisher\":{\"@id\":\"https:\\\/\\\/apartamentoselrio.es\\\/de\\\/#organization\"},\"potentialAction\":[{\"@type\":\"SearchAction\",\"target\":{\"@type\":\"EntryPoint\",\"urlTemplate\":\"https:\\\/\\\/apartamentoselrio.es\\\/de\\\/?s={search_term_string}\"},\"query-input\":{\"@type\":\"PropertyValueSpecification\",\"valueRequired\":true,\"valueName\":\"search_term_string\"}}],\"inLanguage\":\"de\"},{\"@type\":\"Organization\",\"@id\":\"https:\\\/\\\/apartamentoselrio.es\\\/de\\\/#organization\",\"name\":\"Apartamentos El Rio\",\"url\":\"https:\\\/\\\/apartamentoselrio.es\\\/de\\\/\",\"logo\":{\"@type\":\"ImageObject\",\"inLanguage\":\"de\",\"@id\":\"https:\\\/\\\/apartamentoselrio.es\\\/de\\\/#\\\/schema\\\/logo\\\/image\\\/\",\"url\":\"https:\\\/\\\/apartamentoselrio.es\\\/wp-content\\\/uploads\\\/2025\\\/05\\\/logo-apartamentoselrio.png\",\"contentUrl\":\"https:\\\/\\\/apartamentoselrio.es\\\/wp-content\\\/uploads\\\/2025\\\/05\\\/logo-apartamentoselrio.png\",\"width\":400,\"height\":400,\"caption\":\"Apartamentos El Rio\"},\"image\":{\"@id\":\"https:\\\/\\\/apartamentoselrio.es\\\/de\\\/#\\\/schema\\\/logo\\\/image\\\/\"}}]}<\/script>\n<!-- \/ Yoast SEO plugin. -->","yoast_head_json":{"title":"Aktivit\u00e4ten | Apartamentos El Rio","robots":{"index":"index","follow":"follow","max-snippet":"max-snippet:-1","max-image-preview":"max-image-preview:large","max-video-preview":"max-video-preview:-1"},"canonical":"https:\/\/apartamentoselrio.es\/de\/aktivitaten\/","og_locale":"de_DE","og_type":"article","og_title":"Aktivit\u00e4ten | Apartamentos El Rio","og_description":"Das Haus ist von einem Naturparadies umgeben, ohne L\u00e4rm und Stress, ideal, um abzuschalten und die Annehmlichkeiten zu genie\u00dfen: Entspannen Sie sich im Garten oder im Swimmingpool (je nach Jahreszeit) und genie\u00dfen Sie die gute Laune beim Grillen im Freien. Von hier aus k\u00f6nnen Sie Wander- und Fahrradtouren unternehmen, Oviedo, Gij\u00f3n oder Avil\u00e9s in nur [&hellip;]","og_url":"https:\/\/apartamentoselrio.es\/de\/aktivitaten\/","og_site_name":"Apartamentos El Rio","article_modified_time":"2025-06-04T18:15:25+00:00","og_image":[{"width":1960,"height":2048,"url":"https:\/\/apartamentoselrio.es\/wp-content\/uploads\/2025\/05\/IMG-20250527-WA0031.webp","type":"image\/webp"}],"twitter_card":"summary_large_image","twitter_misc":{"Gesch\u00e4tzte Lesezeit":"1\u00a0Minute"},"schema":{"@context":"https:\/\/schema.org","@graph":[{"@type":"WebPage","@id":"https:\/\/apartamentoselrio.es\/de\/aktivitaten\/","url":"https:\/\/apartamentoselrio.es\/de\/aktivitaten\/","name":"Aktivit\u00e4ten | Apartamentos El Rio","isPartOf":{"@id":"https:\/\/apartamentoselrio.es\/de\/#website"},"primaryImageOfPage":{"@id":"https:\/\/apartamentoselrio.es\/de\/aktivitaten\/#primaryimage"},"image":{"@id":"https:\/\/apartamentoselrio.es\/de\/aktivitaten\/#primaryimage"},"thumbnailUrl":"https:\/\/apartamentoselrio.es\/wp-content\/uploads\/2025\/05\/IMG-20250527-WA0031.webp","datePublished":"2025-05-25T13:12:56+00:00","dateModified":"2025-06-04T18:15:25+00:00","breadcrumb":{"@id":"https:\/\/apartamentoselrio.es\/de\/aktivitaten\/#breadcrumb"},"inLanguage":"de","potentialAction":[{"@type":"ReadAction","target":["https:\/\/apartamentoselrio.es\/de\/aktivitaten\/"]}]},{"@type":"ImageObject","inLanguage":"de","@id":"https:\/\/apartamentoselrio.es\/de\/aktivitaten\/#primaryimage","url":"https:\/\/apartamentoselrio.es\/wp-content\/uploads\/2025\/05\/IMG-20250527-WA0031.webp","contentUrl":"https:\/\/apartamentoselrio.es\/wp-content\/uploads\/2025\/05\/IMG-20250527-WA0031.webp","width":1960,"height":2048},{"@type":"BreadcrumbList","@id":"https:\/\/apartamentoselrio.es\/de\/aktivitaten\/#breadcrumb","itemListElement":[{"@type":"ListItem","position":1,"name":"Home","item":"https:\/\/apartamentoselrio.es\/de\/"},{"@type":"ListItem","position":2,"name":"Aktivit\u00e4ten"}]},{"@type":"WebSite","@id":"https:\/\/apartamentoselrio.es\/de\/#website","url":"https:\/\/apartamentoselrio.es\/de\/","name":"Apartamentos El Rio","description":"Un lugar m\u00e1gico en Asturias","publisher":{"@id":"https:\/\/apartamentoselrio.es\/de\/#organization"},"potentialAction":[{"@type":"SearchAction","target":{"@type":"EntryPoint","urlTemplate":"https:\/\/apartamentoselrio.es\/de\/?s={search_term_string}"},"query-input":{"@type":"PropertyValueSpecification","valueRequired":true,"valueName":"search_term_string"}}],"inLanguage":"de"},{"@type":"Organization","@id":"https:\/\/apartamentoselrio.es\/de\/#organization","name":"Apartamentos El Rio","url":"https:\/\/apartamentoselrio.es\/de\/","logo":{"@type":"ImageObject","inLanguage":"de","@id":"https:\/\/apartamentoselrio.es\/de\/#\/schema\/logo\/image\/","url":"https:\/\/apartamentoselrio.es\/wp-content\/uploads\/2025\/05\/logo-apartamentoselrio.png","contentUrl":"https:\/\/apartamentoselrio.es\/wp-content\/uploads\/2025\/05\/logo-apartamentoselrio.png","width":400,"height":400,"caption":"Apartamentos El Rio"},"image":{"@id":"https:\/\/apartamentoselrio.es\/de\/#\/schema\/logo\/image\/"}}]}},"_links":{"self":[{"href":"https:\/\/apartamentoselrio.es\/de\/wp-json\/wp\/v2\/pages\/978","targetHints":{"allow":["GET"]}}],"collection":[{"href":"https:\/\/apartamentoselrio.es\/de\/wp-json\/wp\/v2\/pages"}],"about":[{"href":"https:\/\/apartamentoselrio.es\/de\/wp-json\/wp\/v2\/types\/page"}],"author":[{"embeddable":true,"href":"https:\/\/apartamentoselrio.es\/de\/wp-json\/wp\/v2\/users\/2"}],"replies":[{"embeddable":true,"href":"https:\/\/apartamentoselrio.es\/de\/wp-json\/wp\/v2\/comments?post=978"}],"version-history":[{"count":3,"href":"https:\/\/apartamentoselrio.es\/de\/wp-json\/wp\/v2\/pages\/978\/revisions"}],"predecessor-version":[{"id":995,"href":"https:\/\/apartamentoselrio.es\/de\/wp-json\/wp\/v2\/pages\/978\/revisions\/995"}],"wp:featuredmedia":[{"embeddable":true,"href":"https:\/\/apartamentoselrio.es\/de\/wp-json\/wp\/v2\/media\/861"}],"wp:attachment":[{"href":"https:\/\/apartamentoselrio.es\/de\/wp-json\/wp\/v2\/media?parent=978"}],"curies":[{"name":"wp","href":"https:\/\/api.w.org\/{rel}","templated":true}]}}